{"id":967,"date":"2020-05-18T18:18:28","date_gmt":"2020-05-18T16:18:28","guid":{"rendered":"https:\/\/2020.gerl-homes.at\/?page_id=967"},"modified":"2026-03-06T18:03:49","modified_gmt":"2026-03-06T17:03:49","slug":"preise","status":"publish","type":"page","link":"https:\/\/gerl-homes.at\/de\/preise\/","title":{"rendered":"Preise"},"content":{"rendered":"<p>Inklusivleistungen:<\/p>\n<ul>\n<li>Ruhige Lage<\/li>\n<li>Keyless Code Entry System<\/li>\n<li>Wifi und direkt Streaming TV System<\/li>\n<li>Fahrrad Unterbringung und Waschplatz<\/li>\n<li>Garten mit Sommerliegen<\/li>\n<li>Barrierefrei mit Aufzug<\/li>\n<li>Balkon und Terrasse<\/li>\n<\/ul>\n<p>Sie k\u00f6nnen von folgenden Vorteilen der Angebote vom 5 min entfernten Stammbetrieb profitieren.<\/p>\n<ul>\n<li>Zugang Fitness von 08:00 Uhr bis 20:00 Uhr an den Werktagen ausgenommen Ferienzeiten<\/li>\n<li>Kostenloser Citybike Verleih<\/li>\n<li>Verg\u00fcnstigungen bei Fr\u00fchst\u00fcck, Abendessen oder Privat Spa<\/li>\n<\/ul>\n<p>Unsere Apartments sind ausschlie\u00dflich f\u00fcr Erwachsene (Adults Only, ab 16 Jahren).<br \/>\nWir bitten um Verst\u00e4ndnis, dass Haustiere nicht erlaubt sind.<\/p>\n<pre>                                                                             \r\n                                  | Nacht | 7 N\u00e4chte |  ab 21 Tage = Monatspreis    \r\n<a href=\"https:\/\/gerl-homes.at\/de\/appartements\/#smart-comfort\" target=\"_blank\" rel=\"noopener\">Smart Comfort<\/a> 1 Person            |  158  |    142   | \u00a0 2835    \r\n<a href=\"https:\/\/gerl-homes.at\/de\/appartements\/#smart-comfort\" target=\"_blank\" rel=\"noopener\">Smart Comfort<\/a> 2 Personen          |  190  |    190\u00a0\u00a0\u00a0| \u00a0 3402    \r\n<a href=\"https:\/\/gerl-homes.at\/de\/appartements\/#superior-style\" target=\"_blank\" rel=\"noopener\">Superior Style<\/a> 1-2 Personen       |  220  |    198   |   3969    \r\n<a href=\"https:\/\/gerl-homes.at\/de\/appartements\/#naturally-deluxe\" target=\"_blank\" rel=\"noopener\">Naturally Deluxe<\/a> bis 4 Personen   |\u00a0 240  |    216   |   4347     \r\n<a href=\"https:\/\/gerl-homes.at\/de\/appartements\/#sunset-penthouse\" target=\"_blank\" rel=\"noopener\">Sunset Penthouse<\/a> bis 4 Personen   |  290  |    260   |   5292<\/pre>\n<p>Alle Preise verstehen pro Appartement\u00a0 inkl. 10 % MwSt.<\/p>\n<p>Preise k\u00f6nnen je nach Ferienzeit oder besonderen Anl\u00e4ssen variieren.<br \/>\nDen aktuell g\u00fcltigen Preis k\u00f6nnen Sie jederzeit vorab \u00fcber den Button <strong>Buchen\u00a0<\/strong>einsehen.<\/p>\n<p>Gerne bieten wir eine Zwischenreinigung an, nur nach schriftlicher Vereinbarung:<br \/>\n(beinhaltet Boden saugen, nass wischen, Bettw\u00e4sche- und Handtuchtausch)<\/p>\n<p>\u20ac 50,- f\u00fcr das Smart Comfort<br \/>\n\u20ac 70,- f\u00fcr das Superior Style<br \/>\n\u20ac 70,- f\u00fcr das Naturally Deluxe<br \/>\n\u20ac 70,- f\u00fcr das Sunset Penthouse<\/p>\n<p>&nbsp;<\/p>\n<p style=\"font-weight: 400;\">Zuz\u00fcglich Ortstaxe und Abreisereinigung EUR 80,- pauschal.<\/p>\n<h4>Stornierungsfristen<\/h4>\n<p>Kostenfreie Stornierung bis 14 Tage vor Anreise, ausgenommen bei Longstay-Reservierungen ab einem Monat: Kostenfreie Stornierung bis 30 Tage vor Anreise<\/p>\n<p>Kontakt f\u00fcr Stornierung oder \u00c4nderungswunsch: <a href=\"mailto:office@gerl-homes.at\">office@gerl-homes.at<\/a><\/p>\n<p>Stornierungen oder \u00c4nderungsw\u00fcnsche, bitten wir aus organisatorischen Gr\u00fcnden ausschlie\u00dflich schriftlich vorzunehmen!<br \/>\nDurch die R\u00fcckbest\u00e4tigung unsererseits, werden diese dann verbindlich wirksam.<\/p>\n","protected":false},"excerpt":{"rendered":"<p>Inklusivleistungen: Ruhige Lage Keyless Code Entry System Wifi und direkt Streaming TV System Fahrrad Unterbringung und Waschplatz Garten mit Sommerliegen Barrierefrei mit Aufzug Balkon und Terrasse Sie k\u00f6nnen von folgenden Vorteilen der Angebote vom 5 min entfernten Stammbetrieb profitieren. Zugang Fitness von 08:00 Uhr bis 20:00 Uhr an den Werktagen ausgenommen Ferienzeiten Kostenloser Citybike Verleih [&hellip;]<\/p>\n","protected":false},"author":2,"featured_media":0,"parent":0,"menu_order":9,"comment_status":"closed","ping_status":"closed","template":"","meta":{"_acf_changed":false,"inline_featured_image":false,"footnotes":""},"class_list":["post-967","page","type-page","status-publish","hentry"],"acf":[],"_links":{"self":[{"href":"https:\/\/gerl-homes.at\/de\/wp-json\/wp\/v2\/pages\/967","targetHints":{"allow":["GET"]}}],"collection":[{"href":"https:\/\/gerl-homes.at\/de\/wp-json\/wp\/v2\/pages"}],"about":[{"href":"https:\/\/gerl-homes.at\/de\/wp-json\/wp\/v2\/types\/page"}],"author":[{"embeddable":true,"href":"https:\/\/gerl-homes.at\/de\/wp-json\/wp\/v2\/users\/2"}],"replies":[{"embeddable":true,"href":"https:\/\/gerl-homes.at\/de\/wp-json\/wp\/v2\/comments?post=967"}],"version-history":[{"count":10,"href":"https:\/\/gerl-homes.at\/de\/wp-json\/wp\/v2\/pages\/967\/revisions"}],"predecessor-version":[{"id":4691,"href":"https:\/\/gerl-homes.at\/de\/wp-json\/wp\/v2\/pages\/967\/revisions\/4691"}],"wp:attachment":[{"href":"https:\/\/gerl-homes.at\/de\/wp-json\/wp\/v2\/media?parent=967"}],"curies":[{"name":"wp","href":"https:\/\/api.w.org\/{rel}","templated":true}]}}