{"id":302,"date":"2020-04-18T21:20:19","date_gmt":"2020-04-18T19:20:19","guid":{"rendered":"https:\/\/www.hotel-gerl.dev.cc\/?page_id=302"},"modified":"2024-01-28T23:45:23","modified_gmt":"2024-01-28T22:45:23","slug":"impressum","status":"publish","type":"page","link":"https:\/\/gerl-homes.at\/de\/impressum\/","title":{"rendered":"Impressum"},"content":{"rendered":"<p>Gerl Homes Beherbergungs GmbH<br \/>\nSonnweg 15<br \/>\nOffice &amp; Sitz : Bundesstra\u00dfe 50<br \/>\n5071 Salzburg-Wals<br \/>\nAustria<\/p>\n<h2>Kontakt<\/h2>\n<p>Telefon: <a href=\"tel:00436628505520\">+43 662 85 05 52-0<\/a><br \/>\nTelefax: +43 662 85 05 52-60<br \/>\nE-Mail-Adresse: <a href=\"mailto:office@gerl-homes.at\">office@gerl-homes.at<\/a><\/p>\n<h2>Firmendaten<\/h2>\n<p>Firmenbuchnr. 600942p<br \/>\nUID: ATU79224206<br \/>\nGerichtsstand: Salzburg<\/p>\n<p><a href=\"https:\/\/www.wko.at\/branchen\/tourismus-freizeitwirtschaft\/hotellerie\/start.html\" target=\"_blank\" rel=\"noopener noreferrer\">Sparte WK \u00d6sterreich: Freizeit und Tourismus<\/a><\/p>\n<h2>Partnerlinks<\/h2>\n<ul>\n<li><a href=\"https:\/\/www.hotel-gerl.at\/de\/\">www.hotel-gerl.at<\/a> Hotel Gerl<\/li>\n<li><a href=\"http:\/\/www.naturallyurban.at\/\" target=\"_blank\" rel=\"noopener noreferrer\">www.naturallyurban.at<\/a>\u00a0DISCOVER THE URBAN STYLE.<\/li>\n<li><a href=\"http:\/\/www.privatespa-salzburg.at\/\" target=\"_blank\" rel=\"noopener noreferrer\">www.privatespa-salzburg.at<\/a>\u00a0PRIVAT SPA im Hotel Gerl<\/li>\n<li><a href=\"http:\/\/gerl.at\/\" target=\"_blank\" rel=\"noopener noreferrer\">www.gerl.at\u00a0<\/a>Ihr Karosseriefachbetrieb in Gr\u00f6dig<\/li>\n<li><a href=\"http:\/\/autopark.at\/\" target=\"_blank\" rel=\"noopener noreferrer\">www.autopark.at<\/a> Ihre Vertragswerkst\u00e4tte f\u00fcr Fiat, Alfa Romeo und Fiat Nutzfahrzeuge<\/li>\n<\/ul>\n<h2>Programmierung &amp; Wartung<\/h2>\n<p><a href=\"https:\/\/www.densewinter.com\/\" target=\"_blank\" rel=\"noopener noreferrer\">densewinter.com<\/a><\/p>\n<h2>Fotonachweis &amp; Urheberrechte<\/h2>\n<ul>\n<li>Bildmaterial Gerl: \u00a9 Helge Kirchberger (5020 Salzburg)<\/li>\n<li>Fotos Aktivit\u00e4ten:\u00a0 \u00a9 Tourismus Salzburg, \u00a9 Casinos Austria<\/li>\n<li>Marke &amp; Logo: Gerl Homes Beherbergungs GmbH (5071 Wals)<\/li>\n<li>Pl\u00e4ne, Visualisierungen &amp; Grundrisse: Ing. Christina Kislinger (4793 St. Roman)<\/li>\n<\/ul>\n<h2>Haftungs- und Schutzrechtshinweise<\/h2>\n<p><strong>Haftungsausschluss:<\/strong> Die Inhalte dieses Onlineangebotes wurden sorgf\u00e4ltig und nach unserem aktuellen Kenntnisstand erstellt, dienen jedoch nur der Information und entfalten keine rechtlich bindende Wirkung, sofern es sich nicht um gesetzlich verpflichtende Informationen (z.B. das Impressum, die Datenschutzerkl\u00e4rung, AGB oder verpflichtende Belehrungen von Verbrauchern) handelt. Wir behalten uns vor, die Inhalte vollst\u00e4ndig oder teilweise zu \u00e4ndern oder zu l\u00f6schen, soweit vertragliche Verpflichtungen unber\u00fchrt bleiben. Alle Angebote sind freibleibend und unverbindlich.<\/p>\n<p><strong>Links auf fremde Webseiten:<\/strong> Inhalte fremder Webseiten, auf die wir direkt oder indirekt verweisen, liegen au\u00dferhalb unseres Verantwortungsbereiches und machen wir uns nicht zu Eigen. F\u00fcr alle Inhalte und insbesondere f\u00fcr Sch\u00e4den, die aus der Nutzung der in den verlinkten Webseiten aufrufbaren Informationen entstehen, haftet allein der Anbieter der verlinkten Webseiten.<\/p>\n<p><strong>Urheberrechte und Markenrechte:<\/strong> Alle auf dieser Website dargestellten Inhalte, wie Texte, Fotografien, Grafiken, Marken und Warenzeichen sind durch die jeweiligen Schutzrechte (Urheberrechte, Markenrechte) gesch\u00fctzt. Die Verwendung, Vervielf\u00e4ltigung usw. unterliegen unseren Rechten oder den Rechten der jeweiligen Urheber bzw. Rechteverwalter.<\/p>\n<p><strong>Hinweise auf Rechtsverst\u00f6\u00dfe:<\/strong> Sollten Sie innerhalb unseres Internetauftritts Rechtsverst\u00f6\u00dfe bemerken, bitten wir Sie uns auf diese hinzuweisen. Wir werden rechtswidrige Inhalte und Links nach Kenntnisnahme unverz\u00fcglich entfernen.<\/p>\n","protected":false},"excerpt":{"rendered":"<p>Gerl Homes Beherbergungs GmbH Sonnweg 15 Office &amp; Sitz : Bundesstra\u00dfe 50 5071 Salzburg-Wals Austria Kontakt Telefon: +43 662 85 05 52-0 Telefax: +43 662 85 05 52-60 E-Mail-Adresse: office@gerl-homes.at Firmendaten Firmenbuchnr. 600942p UID: ATU79224206 Gerichtsstand: Salzburg Sparte WK \u00d6sterreich: Freizeit und Tourismus Partnerlinks www.hotel-gerl.at Hotel Gerl www.naturallyurban.at\u00a0DISCOVER THE URBAN STYLE. www.privatespa-salzburg.at\u00a0PRIVAT SPA im Hotel [&hellip;]<\/p>\n","protected":false},"author":2,"featured_media":0,"parent":0,"menu_order":18,"comment_status":"closed","ping_status":"closed","template":"","meta":{"_acf_changed":false,"inline_featured_image":false,"footnotes":""},"class_list":["post-302","page","type-page","status-publish","hentry"],"acf":[],"_links":{"self":[{"href":"https:\/\/gerl-homes.at\/de\/wp-json\/wp\/v2\/pages\/302","targetHints":{"allow":["GET"]}}],"collection":[{"href":"https:\/\/gerl-homes.at\/de\/wp-json\/wp\/v2\/pages"}],"about":[{"href":"https:\/\/gerl-homes.at\/de\/wp-json\/wp\/v2\/types\/page"}],"author":[{"embeddable":true,"href":"https:\/\/gerl-homes.at\/de\/wp-json\/wp\/v2\/users\/2"}],"replies":[{"embeddable":true,"href":"https:\/\/gerl-homes.at\/de\/wp-json\/wp\/v2\/comments?post=302"}],"version-history":[{"count":7,"href":"https:\/\/gerl-homes.at\/de\/wp-json\/wp\/v2\/pages\/302\/revisions"}],"predecessor-version":[{"id":4407,"href":"https:\/\/gerl-homes.at\/de\/wp-json\/wp\/v2\/pages\/302\/revisions\/4407"}],"wp:attachment":[{"href":"https:\/\/gerl-homes.at\/de\/wp-json\/wp\/v2\/media?parent=302"}],"curies":[{"name":"wp","href":"https:\/\/api.w.org\/{rel}","templated":true}]}}